{"id":147,"date":"2024-03-13T11:16:43","date_gmt":"2024-03-13T11:16:43","guid":{"rendered":"https:\/\/legalved.hu\/?page_id=147"},"modified":"2024-04-03T11:59:54","modified_gmt":"2024-04-03T11:59:54","slug":"kapcsolat","status":"publish","type":"page","link":"https:\/\/legalved.hu\/index.php\/kapcsolat\/","title":{"rendered":"Kapcsolat"},"content":{"rendered":"<p>[et_pb_section fb_built=&#8221;1&#8243; _builder_version=&#8221;4.24.2&#8243; _module_preset=&#8221;default&#8221; background_color=&#8221;rgba(0,0,0,0.6)&#8221; background_image=&#8221;https:\/\/legalved.hu\/wp-content\/uploads\/2024\/04\/laptop.jpg&#8221; hover_enabled=&#8221;0&#8243; global_colors_info=&#8221;{}&#8221; title_text=&#8221;laptop&#8221; sticky_enabled=&#8221;0&#8243;][et_pb_row _builder_version=&#8221;4.24.2&#8243; _module_preset=&#8221;default&#8221; width_tablet=&#8221;&#8221; width_phone=&#8221;90%&#8221; width_last_edited=&#8221;on|phone&#8221; global_colors_info=&#8221;{}&#8221;][et_pb_column type=&#8221;4_4&#8243; _builder_version=&#8221;4.24.2&#8243; _module_preset=&#8221;default&#8221; global_colors_info=&#8221;{}&#8221;][et_pb_text _builder_version=&#8221;4.24.2&#8243; _module_preset=&#8221;default&#8221; header_font=&#8221;|800|||||||&#8221; header_text_align=&#8221;center&#8221; header_text_color=&#8221;#FFFFFF&#8221; custom_margin=&#8221;||6px|||&#8221; header_font_size_tablet=&#8221;&#8221; header_font_size_phone=&#8221;33px&#8221; header_font_size_last_edited=&#8221;on|phone&#8221; global_colors_info=&#8221;{}&#8221;]<\/p>\n<h1>Kapcsolat<\/h1>\n<p>[\/et_pb_text][et_pb_text content_tablet=&#8221;<\/p>\n<p>Szeretne t\u00f6bbet megtudni szolg\u00e1ltat\u00e1sinkr\u00f3l? Keressen benn\u00fcnket el\u00e9rhet\u0151s\u00e9geinken, koll\u00e9g\u00e1ink sz\u00edvesen seg\u00edtenek!<\/p>\n<p>&#8221; content_phone=&#8221;<\/p>\n<p>Szeretne t\u00f6bbet megtudni szolg\u00e1ltat\u00e1sinkr\u00f3l? Keressen benn\u00fcnket el\u00e9rhet\u0151s\u00e9geinken, koll\u00e9g\u00e1ink sz\u00edvesen seg\u00edtenek!<\/p>\n<p>&#8221; content_last_edited=&#8221;on|tablet&#8221; _builder_version=&#8221;4.24.2&#8243; _module_preset=&#8221;default&#8221; text_orientation=&#8221;center&#8221; global_colors_info=&#8221;{}&#8221;]<\/p>\n<p>Szeretne t\u00f6bbet megtudni szolg\u00e1ltat\u00e1sinkr\u00f3l?<br \/>Keressen benn\u00fcnket el\u00e9rhet\u0151s\u00e9geinken, koll\u00e9g\u00e1ink sz\u00edvesen seg\u00edtenek!<\/p>\n<p>[\/et_pb_text][\/et_pb_column][\/et_pb_row][\/et_pb_section][et_pb_section fb_built=&#8221;1&#8243; _builder_version=&#8221;4.24.2&#8243; _module_preset=&#8221;default&#8221; background_color=&#8221;#333333&#8243; global_colors_info=&#8221;{}&#8221;][et_pb_row use_custom_gutter=&#8221;on&#8221; gutter_width=&#8221;2&#8243; _builder_version=&#8221;4.24.2&#8243; _module_preset=&#8221;default&#8221; width_tablet=&#8221;&#8221; width_phone=&#8221;90%&#8221; width_last_edited=&#8221;on|phone&#8221; custom_padding=&#8221;||0px||false|false&#8221; global_colors_info=&#8221;{}&#8221;][et_pb_column type=&#8221;4_4&#8243; _builder_version=&#8221;4.24.2&#8243; _module_preset=&#8221;default&#8221; background_color=&#8221;#1D1D1B&#8221; custom_padding=&#8221;20px|20px|20px|20px|true|true&#8221; border_radii=&#8221;on|25px|25px|25px|25px&#8221; border_width_all=&#8221;2px&#8221; border_color_all=&#8221;#C3A049&#8243; global_colors_info=&#8221;{}&#8221; background__hover_enabled=&#8221;off|desktop&#8221; background_color__hover=&#8221;#C3A049&#8243; background_enable_color__hover=&#8221;on&#8221; border_color_all__hover_enabled=&#8221;on|hover&#8221; border_color_all__hover=&#8221;#1D1D1B&#8221;][et_pb_text _builder_version=&#8221;4.24.2&#8243; _module_preset=&#8221;default&#8221; header_2_font=&#8221;|800|||||||&#8221; header_2_text_color=&#8221;#FFFFFF&#8221; header_2_font_size=&#8221;20px&#8221; header_2_line_height=&#8221;1.5em&#8221; custom_margin_tablet=&#8221;||5px||false|false&#8221; custom_margin_phone=&#8221;||5px||false|false&#8221; custom_margin_last_edited=&#8221;on|tablet&#8221; global_colors_info=&#8221;{}&#8221;]<\/p>\n<h2>C\u00edm\u00fcnk:<\/h2>\n<p>[\/et_pb_text][et_pb_text _builder_version=&#8221;4.24.2&#8243; _module_preset=&#8221;default&#8221; link_font=&#8221;|800|||||||&#8221; custom_margin_tablet=&#8221;||5px||false|false&#8221; custom_margin_phone=&#8221;||5px||false|false&#8221; custom_margin_last_edited=&#8221;on|tablet&#8221; global_colors_info=&#8221;{}&#8221;]<\/p>\n<ul>\n<li>Sz\u00e9khely: <span>4028 Debrecen, Ajt\u00f3 utca 25.<\/span><br \/><span><\/span><\/li>\n<li><span>Telephely: 4100 Beretty\u00f3\u00fajfalu, Kossuth utca 29.<\/span><\/li>\n<\/ul>\n<p>[\/et_pb_text][\/et_pb_column][\/et_pb_row][et_pb_row column_structure=&#8221;1_2,1_2&#8243; use_custom_gutter=&#8221;on&#8221; gutter_width=&#8221;2&#8243; _builder_version=&#8221;4.24.2&#8243; _module_preset=&#8221;default&#8221; width_tablet=&#8221;&#8221; width_phone=&#8221;90%&#8221; width_last_edited=&#8221;on|phone&#8221; global_colors_info=&#8221;{}&#8221;][et_pb_column type=&#8221;1_2&#8243; _builder_version=&#8221;4.24.2&#8243; _module_preset=&#8221;default&#8221; background_color=&#8221;#1D1D1B&#8221; custom_padding=&#8221;20px|20px|20px|20px|true|true&#8221; border_radii=&#8221;on|25px|25px|25px|25px&#8221; border_width_all=&#8221;2px&#8221; border_color_all=&#8221;#C3A049&#8243; global_colors_info=&#8221;{}&#8221; background__hover_enabled=&#8221;off|desktop&#8221; background_color__hover=&#8221;#C3A049&#8243; background_enable_color__hover=&#8221;on&#8221; border_color_all__hover_enabled=&#8221;on|hover&#8221; border_color_all__hover=&#8221;#1D1D1B&#8221;][et_pb_text _builder_version=&#8221;4.24.2&#8243; _module_preset=&#8221;default&#8221; header_2_font=&#8221;|800|||||||&#8221; header_2_text_color=&#8221;#FFFFFF&#8221; header_2_font_size=&#8221;20px&#8221; header_2_line_height=&#8221;1.5em&#8221; custom_margin_tablet=&#8221;||5px||false|false&#8221; custom_margin_phone=&#8221;||5px||false|false&#8221; custom_margin_last_edited=&#8221;on|tablet&#8221; global_colors_info=&#8221;{}&#8221;]<\/p>\n<h2>Diszp\u00e9cser k\u00f6zpont:<\/h2>\n<p>[\/et_pb_text][et_pb_text _builder_version=&#8221;4.24.2&#8243; _module_preset=&#8221;default&#8221; link_font=&#8221;|800|||||||&#8221; custom_margin_tablet=&#8221;||5px||false|false&#8221; custom_margin_phone=&#8221;||5px||false|false&#8221; custom_margin_last_edited=&#8221;on|tablet&#8221; global_colors_info=&#8221;{}&#8221;]<\/p>\n<p>0-24 \u00f3r\u00e1s \u00fcgyelet<\/p>\n<p>[\/et_pb_text][et_pb_text _builder_version=&#8221;4.24.2&#8243; _module_preset=&#8221;default&#8221; link_font=&#8221;|800|||||||&#8221; custom_margin_tablet=&#8221;||5px||false|false&#8221; custom_margin_phone=&#8221;||5px||false|false&#8221; custom_margin_last_edited=&#8221;on|tablet&#8221; global_colors_info=&#8221;{}&#8221;]<\/p>\n<ul>\n<li>Telefon: <a href=\"tel:+3654403069\"><span>+36 54 403 069<\/span><\/a><br \/><span><\/span><\/li>\n<li><span>E-mail: <a href=\"mailto:ugyelet@legalved.hu\">ugyelet@legalved.hu<\/a><\/span><\/li>\n<\/ul>\n<p>[\/et_pb_text][\/et_pb_column][et_pb_column type=&#8221;1_2&#8243; _builder_version=&#8221;4.24.2&#8243; _module_preset=&#8221;default&#8221; background_color=&#8221;#1D1D1B&#8221; custom_padding=&#8221;20px|20px|20px|20px|true|true&#8221; border_radii=&#8221;on|25px|25px|25px|25px&#8221; border_width_all=&#8221;2px&#8221; border_color_all=&#8221;#C3A049&#8243; global_colors_info=&#8221;{}&#8221; background__hover_enabled=&#8221;off|desktop&#8221; background_color__hover=&#8221;#C3A049&#8243; background_enable_color__hover=&#8221;on&#8221; border_color_all__hover_enabled=&#8221;on|hover&#8221; border_color_all__hover=&#8221;#1D1D1B&#8221;][et_pb_text _builder_version=&#8221;4.24.2&#8243; _module_preset=&#8221;default&#8221; header_2_font=&#8221;|800|||||||&#8221; header_2_text_color=&#8221;#FFFFFF&#8221; header_2_font_size=&#8221;20px&#8221; header_2_line_height=&#8221;1.5em&#8221; custom_margin_tablet=&#8221;||5px||false|false&#8221; custom_margin_phone=&#8221;||5px||false|false&#8221; custom_margin_last_edited=&#8221;on|tablet&#8221; global_colors_info=&#8221;{}&#8221;]<\/p>\n<h2>\u00c9l\u0151er\u0151s \u0151rz\u00e9sv\u00e9delem:<\/h2>\n<p>[\/et_pb_text][et_pb_text _builder_version=&#8221;4.24.2&#8243; _module_preset=&#8221;default&#8221; link_font=&#8221;|800|||||||&#8221; custom_margin_tablet=&#8221;||5px||false|false&#8221; custom_margin_phone=&#8221;||5px||false|false&#8221; custom_margin_last_edited=&#8221;on|tablet&#8221; global_colors_info=&#8221;{}&#8221;]<\/p>\n<p>F\u00e9legyh\u00e1zi Antal &#8211; Szakmai igazgat\u00f3<\/p>\n<p>[\/et_pb_text][et_pb_text _builder_version=&#8221;4.24.2&#8243; _module_preset=&#8221;default&#8221; link_font=&#8221;|800|||||||&#8221; custom_margin_tablet=&#8221;||5px||false|false&#8221; custom_margin_phone=&#8221;||5px||false|false&#8221; custom_margin_last_edited=&#8221;on|tablet&#8221; global_colors_info=&#8221;{}&#8221;]<\/p>\n<ul>\n<li>Telefon: <a href=\"tel:+36308943767\"><span>+36 30 894 3767<\/span><\/a><\/li>\n<li><span>E-mail: <a href=\"mailto:iroda@legalved.hu\">iroda@legalved.hu<\/a><\/span><span><\/span><\/li>\n<\/ul>\n<p>[\/et_pb_text][\/et_pb_column][\/et_pb_row][et_pb_row column_structure=&#8221;1_2,1_2&#8243; use_custom_gutter=&#8221;on&#8221; gutter_width=&#8221;2&#8243; _builder_version=&#8221;4.24.2&#8243; _module_preset=&#8221;default&#8221; width_tablet=&#8221;&#8221; width_phone=&#8221;90%&#8221; width_last_edited=&#8221;on|phone&#8221; custom_padding=&#8221;0px||||false|false&#8221; global_colors_info=&#8221;{}&#8221;][et_pb_column type=&#8221;1_2&#8243; _builder_version=&#8221;4.24.2&#8243; _module_preset=&#8221;default&#8221; background_color=&#8221;#1D1D1B&#8221; custom_padding=&#8221;20px|20px|20px|20px|true|true&#8221; border_radii=&#8221;on|25px|25px|25px|25px&#8221; border_width_all=&#8221;2px&#8221; border_color_all=&#8221;#C3A049&#8243; global_colors_info=&#8221;{}&#8221; background__hover_enabled=&#8221;off|desktop&#8221; background_color__hover=&#8221;#C3A049&#8243; background_enable_color__hover=&#8221;on&#8221; border_color_all__hover_enabled=&#8221;on|hover&#8221; border_color_all__hover=&#8221;#1D1D1B&#8221;][et_pb_text _builder_version=&#8221;4.24.2&#8243; _module_preset=&#8221;default&#8221; header_2_font=&#8221;|800|||||||&#8221; header_2_text_color=&#8221;#FFFFFF&#8221; header_2_font_size=&#8221;20px&#8221; header_2_line_height=&#8221;1.5em&#8221; custom_margin_tablet=&#8221;||5px||false|false&#8221; custom_margin_phone=&#8221;||5px||false|false&#8221; custom_margin_last_edited=&#8221;on|tablet&#8221; global_colors_info=&#8221;{}&#8221;]<\/p>\n<h2>\u00dcgyint\u00e9z\u00e9s:<\/h2>\n<p>[\/et_pb_text][et_pb_text _builder_version=&#8221;4.24.2&#8243; _module_preset=&#8221;default&#8221; link_font=&#8221;|800|||||||&#8221; custom_margin_tablet=&#8221;||5px||false|false&#8221; custom_margin_phone=&#8221;||5px||false|false&#8221; custom_margin_last_edited=&#8221;on|tablet&#8221; global_colors_info=&#8221;{}&#8221;]<\/p>\n<p>Sz\u00e1nt\u00f3 Jennifer (adminisztr\u00e1ci\u00f3, szerz\u0151d\u00e9sek, sz\u00e1ml\u00e1z\u00e1s)<\/p>\n<p>[\/et_pb_text][et_pb_text _builder_version=&#8221;4.24.2&#8243; _module_preset=&#8221;default&#8221; link_font=&#8221;|800|||||||&#8221; custom_margin_tablet=&#8221;||5px||false|false&#8221; custom_margin_phone=&#8221;||5px||false|false&#8221; custom_margin_last_edited=&#8221;on|tablet&#8221; global_colors_info=&#8221;{}&#8221;]<\/p>\n<ul>\n<li>Telefon: <span><a href=\"tel:%20+36308301765\">+36 30 830 1765<\/a>, <a href=\"tel:%20+3654404385\">+36 54 404 385<\/a><\/span><br \/><span><\/span><\/li>\n<li><span>E-mail: <a href=\"mailto:iroda@legalved.hu\">iroda@legalved.hu<\/a><\/span><\/li>\n<\/ul>\n<p>[\/et_pb_text][\/et_pb_column][et_pb_column type=&#8221;1_2&#8243; _builder_version=&#8221;4.24.2&#8243; _module_preset=&#8221;default&#8221; background_color=&#8221;#1D1D1B&#8221; custom_padding=&#8221;20px|20px|20px|20px|true|true&#8221; border_radii=&#8221;on|25px|25px|25px|25px&#8221; border_width_all=&#8221;2px&#8221; border_color_all=&#8221;#C3A049&#8243; global_colors_info=&#8221;{}&#8221; background__hover_enabled=&#8221;off|desktop&#8221; background_color__hover=&#8221;#C3A049&#8243; background_enable_color__hover=&#8221;on&#8221; border_color_all__hover_enabled=&#8221;on|hover&#8221; border_color_all__hover=&#8221;#1D1D1B&#8221;][et_pb_text _builder_version=&#8221;4.24.2&#8243; _module_preset=&#8221;default&#8221; header_2_font=&#8221;|800|||||||&#8221; header_2_text_color=&#8221;#FFFFFF&#8221; header_2_font_size=&#8221;20px&#8221; header_2_line_height=&#8221;1.5em&#8221; custom_margin_tablet=&#8221;||5px||false|false&#8221; custom_margin_phone=&#8221;||5px||false|false&#8221; custom_margin_last_edited=&#8221;on|tablet&#8221; global_colors_info=&#8221;{}&#8221;]<\/p>\n<h2>C\u00e9gvezet\u00e9s:<\/h2>\n<p>[\/et_pb_text][et_pb_text _builder_version=&#8221;4.24.2&#8243; _module_preset=&#8221;default&#8221; link_font=&#8221;|800|||||||&#8221; custom_margin_tablet=&#8221;||5px||false|false&#8221; custom_margin_phone=&#8221;||5px||false|false&#8221; custom_margin_last_edited=&#8221;on|tablet&#8221; global_colors_info=&#8221;{}&#8221;]<\/p>\n<p><span>Dr. B\u00e1konyi L\u00e1szl\u00f3 &#8211; \u00dcgyvezet\u0151<\/span><\/p>\n<p>[\/et_pb_text][et_pb_text _builder_version=&#8221;4.24.2&#8243; _module_preset=&#8221;default&#8221; link_font=&#8221;|800|||||||&#8221; custom_margin_tablet=&#8221;||5px||false|false&#8221; custom_margin_phone=&#8221;||5px||false|false&#8221; custom_margin_last_edited=&#8221;on|tablet&#8221; global_colors_info=&#8221;{}&#8221;]<\/p>\n<ul>\n<li>Telefon: <a href=\"tel:+36204881361\"><span>+36 20 488 1361<\/span><\/a><br \/><span><\/span><\/li>\n<li><span>E-mail: <a href=\"mailto:ugyvezeto@legalved.hu\">ugyvezeto@legalved.hu<\/a><\/span><\/li>\n<\/ul>\n<p>[\/et_pb_text][\/et_pb_column][\/et_pb_row][\/et_pb_section]<\/p>\n","protected":false},"excerpt":{"rendered":"<p>KapcsolatSzeretne t\u00f6bbet megtudni szolg\u00e1ltat\u00e1sinkr\u00f3l?Keressen benn\u00fcnket el\u00e9rhet\u0151s\u00e9geinken, koll\u00e9g\u00e1ink sz\u00edvesen seg\u00edtenek!C\u00edm\u00fcnk: Sz\u00e9khely: 4028 Debrecen, Ajt\u00f3 utca 25. Telephely: 4100 Beretty\u00f3\u00fajfalu, Kossuth utca 29. Diszp\u00e9cser k\u00f6zpont:0-24 \u00f3r\u00e1s \u00fcgyelet Telefon: +36 54 403 069 E-mail: ugyelet@legalved.hu \u00c9l\u0151er\u0151s \u0151rz\u00e9sv\u00e9delem:F\u00e9legyh\u00e1zi Antal &#8211; Szakmai igazgat\u00f3 Telefon: +36 30 894 3767 E-mail: iroda@legalved.hu \u00dcgyint\u00e9z\u00e9s:Sz\u00e1nt\u00f3 Jennifer (adminisztr\u00e1ci\u00f3, szerz\u0151d\u00e9sek, sz\u00e1ml\u00e1z\u00e1s) Telefon: +36 30 830 1765, [&hellip;]<\/p>\n","protected":false},"author":1,"featured_media":0,"parent":0,"menu_order":0,"comment_status":"closed","ping_status":"closed","template":"","meta":{"_et_pb_use_builder":"on","_et_pb_old_content":"","_et_gb_content_width":"","footnotes":""},"class_list":["post-147","page","type-page","status-publish","hentry"],"yoast_head":"<!-- This site is optimized with the Yoast SEO plugin v26.3 - https:\/\/yoast.com\/wordpress\/plugins\/seo\/ -->\n<title>Kapcsolat - Legal V\u00e9d Kft.<\/title>\n<meta name=\"robots\" content=\"index, follow, max-snippet:-1, max-image-preview:large, max-video-preview:-1\" \/>\n<link rel=\"canonical\" href=\"https:\/\/legalved.hu\/index.php\/kapcsolat\/\" \/>\n<meta property=\"og:locale\" content=\"hu_HU\" \/>\n<meta property=\"og:type\" content=\"article\" \/>\n<meta property=\"og:title\" content=\"Kapcsolat - Legal V\u00e9d Kft.\" \/>\n<meta property=\"og:description\" content=\"KapcsolatSzeretne t\u00f6bbet megtudni szolg\u00e1ltat\u00e1sinkr\u00f3l?Keressen benn\u00fcnket el\u00e9rhet\u0151s\u00e9geinken, koll\u00e9g\u00e1ink sz\u00edvesen seg\u00edtenek!C\u00edm\u00fcnk: Sz\u00e9khely: 4028 Debrecen, Ajt\u00f3 utca 25. Telephely: 4100 Beretty\u00f3\u00fajfalu, Kossuth utca 29. Diszp\u00e9cser k\u00f6zpont:0-24 \u00f3r\u00e1s \u00fcgyelet Telefon: +36 54 403 069 E-mail: ugyelet@legalved.hu \u00c9l\u0151er\u0151s \u0151rz\u00e9sv\u00e9delem:F\u00e9legyh\u00e1zi Antal - Szakmai igazgat\u00f3 Telefon: +36 30 894 3767 E-mail: iroda@legalved.hu \u00dcgyint\u00e9z\u00e9s:Sz\u00e1nt\u00f3 Jennifer (adminisztr\u00e1ci\u00f3, szerz\u0151d\u00e9sek, sz\u00e1ml\u00e1z\u00e1s) Telefon: +36 30 830 1765, [&hellip;]\" \/>\n<meta property=\"og:url\" content=\"https:\/\/legalved.hu\/index.php\/kapcsolat\/\" \/>\n<meta property=\"og:site_name\" content=\"Legal V\u00e9d Kft.\" \/>\n<meta property=\"article:modified_time\" content=\"2024-04-03T11:59:54+00:00\" \/>\n<meta name=\"twitter:card\" content=\"summary_large_image\" \/>\n<script type=\"application\/ld+json\" class=\"yoast-schema-graph\">{\"@context\":\"https:\/\/schema.org\",\"@graph\":[{\"@type\":\"WebPage\",\"@id\":\"https:\/\/legalved.hu\/index.php\/kapcsolat\/\",\"url\":\"https:\/\/legalved.hu\/index.php\/kapcsolat\/\",\"name\":\"Kapcsolat - Legal V\u00e9d Kft.\",\"isPartOf\":{\"@id\":\"https:\/\/legalved.hu\/#website\"},\"datePublished\":\"2024-03-13T11:16:43+00:00\",\"dateModified\":\"2024-04-03T11:59:54+00:00\",\"breadcrumb\":{\"@id\":\"https:\/\/legalved.hu\/index.php\/kapcsolat\/#breadcrumb\"},\"inLanguage\":\"hu\",\"potentialAction\":[{\"@type\":\"ReadAction\",\"target\":[\"https:\/\/legalved.hu\/index.php\/kapcsolat\/\"]}]},{\"@type\":\"BreadcrumbList\",\"@id\":\"https:\/\/legalved.hu\/index.php\/kapcsolat\/#breadcrumb\",\"itemListElement\":[{\"@type\":\"ListItem\",\"position\":1,\"name\":\"Kezd\u0151lap\",\"item\":\"https:\/\/legalved.hu\/\"},{\"@type\":\"ListItem\",\"position\":2,\"name\":\"Kapcsolat\"}]},{\"@type\":\"WebSite\",\"@id\":\"https:\/\/legalved.hu\/#website\",\"url\":\"https:\/\/legalved.hu\/\",\"name\":\"Legal V\u00e9d Kft.\",\"description\":\"0-24 \u00f3r\u00e1s t\u00e1vfel\u00fcgyelet; \u00e9l\u0151er\u0151s \u0151rz\u00e9s \u00e9s vagyonv\u00e9delem; biztons\u00e1gtechnika\",\"potentialAction\":[{\"@type\":\"SearchAction\",\"target\":{\"@type\":\"EntryPoint\",\"urlTemplate\":\"https:\/\/legalved.hu\/?s={search_term_string}\"},\"query-input\":{\"@type\":\"PropertyValueSpecification\",\"valueRequired\":true,\"valueName\":\"search_term_string\"}}],\"inLanguage\":\"hu\"}]}<\/script>\n<!-- \/ Yoast SEO plugin. -->","yoast_head_json":{"title":"Kapcsolat - Legal V\u00e9d Kft.","robots":{"index":"index","follow":"follow","max-snippet":"max-snippet:-1","max-image-preview":"max-image-preview:large","max-video-preview":"max-video-preview:-1"},"canonical":"https:\/\/legalved.hu\/index.php\/kapcsolat\/","og_locale":"hu_HU","og_type":"article","og_title":"Kapcsolat - Legal V\u00e9d Kft.","og_description":"KapcsolatSzeretne t\u00f6bbet megtudni szolg\u00e1ltat\u00e1sinkr\u00f3l?Keressen benn\u00fcnket el\u00e9rhet\u0151s\u00e9geinken, koll\u00e9g\u00e1ink sz\u00edvesen seg\u00edtenek!C\u00edm\u00fcnk: Sz\u00e9khely: 4028 Debrecen, Ajt\u00f3 utca 25. Telephely: 4100 Beretty\u00f3\u00fajfalu, Kossuth utca 29. Diszp\u00e9cser k\u00f6zpont:0-24 \u00f3r\u00e1s \u00fcgyelet Telefon: +36 54 403 069 E-mail: ugyelet@legalved.hu \u00c9l\u0151er\u0151s \u0151rz\u00e9sv\u00e9delem:F\u00e9legyh\u00e1zi Antal - Szakmai igazgat\u00f3 Telefon: +36 30 894 3767 E-mail: iroda@legalved.hu \u00dcgyint\u00e9z\u00e9s:Sz\u00e1nt\u00f3 Jennifer (adminisztr\u00e1ci\u00f3, szerz\u0151d\u00e9sek, sz\u00e1ml\u00e1z\u00e1s) Telefon: +36 30 830 1765, [&hellip;]","og_url":"https:\/\/legalved.hu\/index.php\/kapcsolat\/","og_site_name":"Legal V\u00e9d Kft.","article_modified_time":"2024-04-03T11:59:54+00:00","twitter_card":"summary_large_image","schema":{"@context":"https:\/\/schema.org","@graph":[{"@type":"WebPage","@id":"https:\/\/legalved.hu\/index.php\/kapcsolat\/","url":"https:\/\/legalved.hu\/index.php\/kapcsolat\/","name":"Kapcsolat - Legal V\u00e9d Kft.","isPartOf":{"@id":"https:\/\/legalved.hu\/#website"},"datePublished":"2024-03-13T11:16:43+00:00","dateModified":"2024-04-03T11:59:54+00:00","breadcrumb":{"@id":"https:\/\/legalved.hu\/index.php\/kapcsolat\/#breadcrumb"},"inLanguage":"hu","potentialAction":[{"@type":"ReadAction","target":["https:\/\/legalved.hu\/index.php\/kapcsolat\/"]}]},{"@type":"BreadcrumbList","@id":"https:\/\/legalved.hu\/index.php\/kapcsolat\/#breadcrumb","itemListElement":[{"@type":"ListItem","position":1,"name":"Kezd\u0151lap","item":"https:\/\/legalved.hu\/"},{"@type":"ListItem","position":2,"name":"Kapcsolat"}]},{"@type":"WebSite","@id":"https:\/\/legalved.hu\/#website","url":"https:\/\/legalved.hu\/","name":"Legal V\u00e9d Kft.","description":"0-24 \u00f3r\u00e1s t\u00e1vfel\u00fcgyelet; \u00e9l\u0151er\u0151s \u0151rz\u00e9s \u00e9s vagyonv\u00e9delem; biztons\u00e1gtechnika","potentialAction":[{"@type":"SearchAction","target":{"@type":"EntryPoint","urlTemplate":"https:\/\/legalved.hu\/?s={search_term_string}"},"query-input":{"@type":"PropertyValueSpecification","valueRequired":true,"valueName":"search_term_string"}}],"inLanguage":"hu"}]}},"_links":{"self":[{"href":"https:\/\/legalved.hu\/index.php\/wp-json\/wp\/v2\/pages\/147","targetHints":{"allow":["GET"]}}],"collection":[{"href":"https:\/\/legalved.hu\/index.php\/wp-json\/wp\/v2\/pages"}],"about":[{"href":"https:\/\/legalved.hu\/index.php\/wp-json\/wp\/v2\/types\/page"}],"author":[{"embeddable":true,"href":"https:\/\/legalved.hu\/index.php\/wp-json\/wp\/v2\/users\/1"}],"replies":[{"embeddable":true,"href":"https:\/\/legalved.hu\/index.php\/wp-json\/wp\/v2\/comments?post=147"}],"version-history":[{"count":12,"href":"https:\/\/legalved.hu\/index.php\/wp-json\/wp\/v2\/pages\/147\/revisions"}],"predecessor-version":[{"id":221,"href":"https:\/\/legalved.hu\/index.php\/wp-json\/wp\/v2\/pages\/147\/revisions\/221"}],"wp:attachment":[{"href":"https:\/\/legalved.hu\/index.php\/wp-json\/wp\/v2\/media?parent=147"}],"curies":[{"name":"wp","href":"https:\/\/api.w.org\/{rel}","templated":true}]}}