{"id":19,"date":"2024-03-08T11:32:09","date_gmt":"2024-03-08T11:32:09","guid":{"rendered":"https:\/\/legalved.hu\/?page_id=19"},"modified":"2024-04-03T11:42:49","modified_gmt":"2024-04-03T11:42:49","slug":"biztonsagi-tavfelugyelet","status":"publish","type":"page","link":"https:\/\/legalved.hu\/index.php\/biztonsagi-tavfelugyelet\/","title":{"rendered":"Biztons\u00e1gi t\u00e1vfel\u00fcgyelet"},"content":{"rendered":"<p>[et_pb_section fb_built=&#8221;1&#8243; _builder_version=&#8221;4.24.2&#8243; _module_preset=&#8221;default&#8221; background_color=&#8221;rgba(0,0,0,0.7)&#8221; background_image=&#8221;https:\/\/legalved.hu\/wp-content\/uploads\/2024\/03\/biztonsagi-felugyelet.jpg&#8221; background_blend=&#8221;overlay&#8221; global_colors_info=&#8221;{}&#8221;][et_pb_row _builder_version=&#8221;4.24.2&#8243; _module_preset=&#8221;default&#8221; width_tablet=&#8221;&#8221; width_phone=&#8221;90%&#8221; width_last_edited=&#8221;on|phone&#8221; global_colors_info=&#8221;{}&#8221;][et_pb_column type=&#8221;4_4&#8243; _builder_version=&#8221;4.24.2&#8243; _module_preset=&#8221;default&#8221; global_colors_info=&#8221;{}&#8221;][et_pb_text _builder_version=&#8221;4.24.2&#8243; _module_preset=&#8221;default&#8221; header_font=&#8221;|800|||||||&#8221; header_text_align=&#8221;center&#8221; header_text_color=&#8221;#FFFFFF&#8221; custom_margin=&#8221;||6px|||&#8221; header_font_size_tablet=&#8221;&#8221; header_font_size_phone=&#8221;33px&#8221; header_font_size_last_edited=&#8221;on|phone&#8221; global_colors_info=&#8221;{}&#8221;]<\/p>\n<h1>0-24 \u00f3r\u00e1s biztons\u00e1gi t\u00e1vfel\u00fcgyelet<\/h1>\n<p>[\/et_pb_text][et_pb_text content_tablet=&#8221;<\/p>\n<p>Szeretn\u00e9 biztons\u00e1gban tudni szeretteit \u00e9s vagyon\u00e1t vagy csak korszer\u0171s\u00edten\u00e9 lak\u00e1sa biztons\u00e1gtechnikai rendszer\u00e9t? A Legal V\u00e9d Kft. megold\u00e1st k\u00edn\u00e1l \u00d6nnek!<\/p>\n<p>&#8221; content_last_edited=&#8221;off|desktop&#8221; _builder_version=&#8221;4.24.2&#8243; _module_preset=&#8221;default&#8221; text_orientation=&#8221;center&#8221; global_colors_info=&#8221;{}&#8221;]<\/p>\n<p>Objektum, ingatlanv\u00e9delem, vide\u00f3 t\u00e1vfel\u00fcgyelet, t\u0171zjelz\u0151 t\u00e1vfel\u00fcgyelet, kivonul\u00e1s, helysz\u00ednbiztos\u00edt\u00e1s, j\u00e1r\u0151r szolg\u00e1lat, b\u00e9rkivonul\u00e1s, b\u00e9rt\u00e1vfel\u00fcgyelet<\/p>\n<p>[\/et_pb_text][\/et_pb_column][\/et_pb_row][\/et_pb_section][et_pb_section fb_built=&#8221;1&#8243; _builder_version=&#8221;4.24.2&#8243; _module_preset=&#8221;default&#8221; background_color=&#8221;#333333&#8243; hover_enabled=&#8221;0&#8243; global_colors_info=&#8221;{}&#8221; sticky_enabled=&#8221;0&#8243;][et_pb_row _builder_version=&#8221;4.24.2&#8243; _module_preset=&#8221;default&#8221; width_tablet=&#8221;&#8221; width_phone=&#8221;90%&#8221; width_last_edited=&#8221;on|phone&#8221; global_colors_info=&#8221;{}&#8221;][et_pb_column type=&#8221;4_4&#8243; _builder_version=&#8221;4.24.2&#8243; _module_preset=&#8221;default&#8221; global_colors_info=&#8221;{}&#8221;][et_pb_text _builder_version=&#8221;4.24.2&#8243; _module_preset=&#8221;default&#8221; header_2_font=&#8221;|800|||||||&#8221; header_2_text_align=&#8221;center&#8221; header_2_font_size=&#8221;40px&#8221; header_2_line_height=&#8221;1.5em&#8221; custom_margin=&#8221;||7px|||&#8221; header_2_font_size_tablet=&#8221;40px&#8221; header_2_font_size_phone=&#8221;33px&#8221; header_2_font_size_last_edited=&#8221;on|desktop&#8221; global_colors_info=&#8221;{}&#8221;]<\/p>\n<h2>Milyen el\u0151ny\u00f6kkel j\u00e1r egy biztons\u00e1gi t\u00e1vfel\u00fcgyelet szolg\u00e1ltat\u00e1s?<\/h2>\n<p>[\/et_pb_text][et_pb_text content_tablet=&#8221;<\/p>\n<p>Szeretn\u00e9 biztons\u00e1gban tudni szeretteit \u00e9s vagyon\u00e1t vagy csak korszer\u0171s\u00edten\u00e9 lak\u00e1sa biztons\u00e1gtechnikai rendszer\u00e9t? A Legal V\u00e9d Kft. megold\u00e1st k\u00edn\u00e1l \u00d6nnek!<\/p>\n<p>&#8221; content_last_edited=&#8221;off|desktop&#8221; _builder_version=&#8221;4.24.2&#8243; _module_preset=&#8221;default&#8221; text_orientation=&#8221;center&#8221; global_colors_info=&#8221;{}&#8221;]<\/p>\n<p>Term\u00e9szetesen sz\u00e1mtalan el\u0151nnyel, de ezek k\u00f6z\u00fcl kiemeln\u00e9nk a legfontosabbakat:<\/p>\n<p>[\/et_pb_text][\/et_pb_column][\/et_pb_row][et_pb_row column_structure=&#8221;1_3,1_3,1_3&#8243; use_custom_gutter=&#8221;on&#8221; gutter_width=&#8221;2&#8243; _builder_version=&#8221;4.24.2&#8243; _module_preset=&#8221;default&#8221; width_tablet=&#8221;&#8221; width_phone=&#8221;90%&#8221; width_last_edited=&#8221;on|phone&#8221; global_colors_info=&#8221;{}&#8221;][et_pb_column type=&#8221;1_3&#8243; _builder_version=&#8221;4.24.2&#8243; _module_preset=&#8221;default&#8221; background_color=&#8221;#1D1D1B&#8221; custom_padding=&#8221;20px|20px|20px|20px|true|true&#8221; border_radii=&#8221;on|25px|25px|25px|25px&#8221; border_width_all=&#8221;2px&#8221; border_color_all=&#8221;#C3A049&#8243; global_colors_info=&#8221;{}&#8221; background__hover_enabled=&#8221;off|desktop&#8221; background_color__hover=&#8221;#C3A049&#8243; background_enable_color__hover=&#8221;on&#8221; border_color_all__hover_enabled=&#8221;on|desktop&#8221; border_color_all__hover=&#8221;#1D1D1B&#8221;][et_pb_blurb title=&#8221;Gyors riaszt\u00e1s \u00e9s int\u00e9zked\u00e9s: &#8221; use_icon=&#8221;on&#8221; font_icon=&#8221;&#xf00c;||fa||900&#8243; icon_placement=&#8221;left&#8221; _builder_version=&#8221;4.24.2&#8243; _module_preset=&#8221;default&#8221; header_font=&#8221;|800|||||||&#8221; header_font_size=&#8221;20px&#8221; header_line_height=&#8221;1.5em&#8221; min_height=&#8221;330px&#8221; min_height_tablet=&#8221;auto&#8221; min_height_phone=&#8221;auto&#8221; min_height_last_edited=&#8221;on|tablet&#8221; custom_margin=&#8221;||10px||false|false&#8221; global_colors_info=&#8221;{}&#8221;]<\/p>\n<p>A biztons\u00e1gi rendszerek t\u00e1vfel\u00fcgyelete lehet\u0151v\u00e9 teszi az azonnali \u00e9rtes\u00edt\u00e9st \u00e9s beavatkoz\u00e1st, ha b\u00e1rmilyen vesz\u00e9lyforr\u00e1s \u00e9szlelnek koll\u00e9g\u00e1ink. Ez gyorsabb seg\u00edts\u00e9get \u00e9s v\u00e9delmet biztos\u00edt a tulajdonosoknak.<\/p>\n<p>[\/et_pb_blurb][\/et_pb_column][et_pb_column type=&#8221;1_3&#8243; _builder_version=&#8221;4.24.2&#8243; _module_preset=&#8221;default&#8221; background_color=&#8221;#1D1D1B&#8221; custom_padding=&#8221;20px|20px|20px|20px|true|true&#8221; border_radii=&#8221;on|25px|25px|25px|25px&#8221; border_width_all=&#8221;2px&#8221; border_color_all=&#8221;#C3A049&#8243; global_colors_info=&#8221;{}&#8221; background__hover_enabled=&#8221;off|desktop&#8221; background_color__hover=&#8221;#C3A049&#8243; background_enable_color__hover=&#8221;on&#8221; border_color_all__hover_enabled=&#8221;on|hover&#8221; border_color_all__hover=&#8221;#1D1D1B&#8221;][et_pb_blurb title=&#8221;Megel\u0151z\u0151 hat\u00e1s:&#8221; use_icon=&#8221;on&#8221; font_icon=&#8221;&#xf00c;||fa||900&#8243; icon_placement=&#8221;left&#8221; _builder_version=&#8221;4.24.2&#8243; _module_preset=&#8221;default&#8221; header_font=&#8221;|800|||||||&#8221; header_font_size=&#8221;20px&#8221; header_line_height=&#8221;1.5em&#8221; min_height=&#8221;330px&#8221; min_height_tablet=&#8221;auto&#8221; min_height_phone=&#8221;auto&#8221; min_height_last_edited=&#8221;on|tablet&#8221; custom_margin=&#8221;||10px||false|false&#8221; global_colors_info=&#8221;{}&#8221;]<\/p>\n<p>A l\u00e1that\u00f3 biztons\u00e1gi rendszerek &#8211; amelyeket t\u00e1vfel\u00fcgyelettel kombin\u00e1lnak &#8211; gyakran megel\u0151z\u0151 hat\u00e1st fejtenek ki. Az ilyen rendszerek ismertet\u00e9se \u00f6nmag\u00e1ban is elrettent\u0151 lehet, mivel potenci\u00e1lis bet\u00f6r\u0151k \u00e9s b\u0171n\u00f6z\u0151k hajlamosak elker\u00fclni az olyan otthonokat, amelyek t\u00f6bb szempontb\u00f3l is v\u00e9dettek.<\/p>\n<p>[\/et_pb_blurb][\/et_pb_column][et_pb_column type=&#8221;1_3&#8243; _builder_version=&#8221;4.24.2&#8243; _module_preset=&#8221;default&#8221; background_color=&#8221;#1D1D1B&#8221; custom_padding=&#8221;20px|20px|20px|20px|true|true&#8221; border_radii=&#8221;on|25px|25px|25px|25px&#8221; border_width_all=&#8221;2px&#8221; border_color_all=&#8221;#C3A049&#8243; global_colors_info=&#8221;{}&#8221; background__hover_enabled=&#8221;off|desktop&#8221; background_color__hover=&#8221;#C3A049&#8243; background_enable_color__hover=&#8221;on&#8221; border_color_all__hover_enabled=&#8221;on|hover&#8221; border_color_all__hover=&#8221;#1D1D1B&#8221;][et_pb_blurb title=&#8221;T\u00e1voli ellen\u0151rz\u00e9s \u00e9s hozz\u00e1f\u00e9r\u00e9s:&#8221; use_icon=&#8221;on&#8221; font_icon=&#8221;&#xf00c;||fa||900&#8243; icon_placement=&#8221;left&#8221; _builder_version=&#8221;4.24.2&#8243; _module_preset=&#8221;default&#8221; header_font=&#8221;|800|||||||&#8221; header_font_size=&#8221;20px&#8221; header_line_height=&#8221;1.5em&#8221; min_height=&#8221;330px&#8221; min_height_tablet=&#8221;auto&#8221; min_height_phone=&#8221;auto&#8221; min_height_last_edited=&#8221;on|tablet&#8221; custom_margin=&#8221;||10px||false|false&#8221; global_colors_info=&#8221;{}&#8221;]<\/p>\n<p>A t\u00e1vfel\u00fcgyelet lehet\u0151v\u00e9 teszi a lak\u00e1s tulajdonosai sz\u00e1m\u00e1ra, hogy t\u00e1volr\u00f3l ellen\u0151rizz\u00e9k a biztons\u00e1gi rendszert \u00e9s a lak\u00e1s k\u00f6rny\u00e9k\u00e9t. \u00cdgy folyamatosan figyelemmel k\u00eds\u00e9hetik otthonukat, m\u00e9g akkor is, ha \u00e9ppen t\u00e1vol vannak.<\/p>\n<p>[\/et_pb_blurb][\/et_pb_column][\/et_pb_row][et_pb_row column_structure=&#8221;1_3,1_3,1_3&#8243; use_custom_gutter=&#8221;on&#8221; gutter_width=&#8221;2&#8243; custom_padding_last_edited=&#8221;on|tablet&#8221; _builder_version=&#8221;4.24.2&#8243; _module_preset=&#8221;default&#8221; width_tablet=&#8221;&#8221; width_phone=&#8221;90%&#8221; width_last_edited=&#8221;on|phone&#8221; custom_padding_tablet=&#8221;0px||||false|false&#8221; custom_padding_phone=&#8221;0px||||false|false&#8221; global_colors_info=&#8221;{}&#8221;][et_pb_column type=&#8221;1_3&#8243; _builder_version=&#8221;4.24.2&#8243; _module_preset=&#8221;default&#8221; background_color=&#8221;#1D1D1B&#8221; custom_padding=&#8221;20px|20px|20px|20px|true|true&#8221; border_radii=&#8221;on|25px|25px|25px|25px&#8221; border_width_all=&#8221;2px&#8221; border_color_all=&#8221;#C3A049&#8243; global_colors_info=&#8221;{}&#8221; background__hover_enabled=&#8221;off|desktop&#8221; background_color__hover=&#8221;#C3A049&#8243; background_enable_color__hover=&#8221;on&#8221; border_color_all__hover_enabled=&#8221;on|hover&#8221; border_color_all__hover=&#8221;#1D1D1B&#8221;][et_pb_blurb title=&#8221;\u00c9rt\u00e9kt\u00e1rgyak \u00e9s szeretteink v\u00e9delme:&#8221; use_icon=&#8221;on&#8221; font_icon=&#8221;&#xf00c;||fa||900&#8243; icon_placement=&#8221;left&#8221; _builder_version=&#8221;4.24.2&#8243; _module_preset=&#8221;default&#8221; header_font=&#8221;|800|||||||&#8221; header_font_size=&#8221;20px&#8221; header_line_height=&#8221;1.5em&#8221; min_height=&#8221;330px&#8221; min_height_tablet=&#8221;auto&#8221; min_height_phone=&#8221;auto&#8221; min_height_last_edited=&#8221;on|tablet&#8221; custom_margin=&#8221;||10px||false|false&#8221; global_colors_info=&#8221;{}&#8221;]<\/p>\n<p>A biztons\u00e1gi t\u00e1vfel\u00fcgyelet seg\u00edt megv\u00e9deni az \u00e9rt\u00e9kt\u00e1rgyakat \u00e9s a szeretteink biztons\u00e1g\u00e1t. Az esetleges riaszt\u00e1sok \u00e9s az azonnali int\u00e9zked\u00e9sek r\u00e9v\u00e9n minimaliz\u00e1lhat\u00f3k a k\u00e1rok \u00e9s a vesztes\u00e9gek.<\/p>\n<p>[\/et_pb_blurb][\/et_pb_column][et_pb_column type=&#8221;1_3&#8243; _builder_version=&#8221;4.24.2&#8243; _module_preset=&#8221;default&#8221; background_color=&#8221;#1D1D1B&#8221; custom_padding=&#8221;20px|20px|20px|20px|true|true&#8221; border_radii=&#8221;on|25px|25px|25px|25px&#8221; border_width_all=&#8221;2px&#8221; border_color_all=&#8221;#C3A049&#8243; global_colors_info=&#8221;{}&#8221; background__hover_enabled=&#8221;off|desktop&#8221; background_color__hover=&#8221;#C3A049&#8243; background_enable_color__hover=&#8221;on&#8221; border_color_all__hover_enabled=&#8221;on|hover&#8221; border_color_all__hover=&#8221;#1D1D1B&#8221;][et_pb_blurb title=&#8221;Nyugodt \u00e9rz\u00e9s:&#8221; use_icon=&#8221;on&#8221; font_icon=&#8221;&#xf00c;||fa||900&#8243; icon_placement=&#8221;left&#8221; _builder_version=&#8221;4.24.2&#8243; _module_preset=&#8221;default&#8221; header_font=&#8221;|800|||||||&#8221; header_font_size=&#8221;20px&#8221; header_line_height=&#8221;1.5em&#8221; min_height=&#8221;330px&#8221; min_height_tablet=&#8221;auto&#8221; min_height_phone=&#8221;auto&#8221; min_height_last_edited=&#8221;on|tablet&#8221; custom_margin=&#8221;||10px||false|false&#8221; global_colors_info=&#8221;{}&#8221;]<\/p>\n<p>A biztons\u00e1gi t\u00e1vfel\u00fcgyelet n\u00f6veli a lak\u00f3k biztons\u00e1g\u00e9rzet\u00e9t. Tudva, hogy a rendszer folyamatosan figyeli \u00e9s beavatkozik sz\u00fcks\u00e9g eset\u00e9n, a lak\u00f3k nyugodtan \u00e9lvezhetik mindennapjaikat otthonukban.<\/p>\n<p>[\/et_pb_blurb][\/et_pb_column][et_pb_column type=&#8221;1_3&#8243; _builder_version=&#8221;4.24.2&#8243; _module_preset=&#8221;default&#8221; background_color=&#8221;#1D1D1B&#8221; custom_padding=&#8221;20px|20px|20px|20px|true|true&#8221; border_radii=&#8221;on|25px|25px|25px|25px&#8221; border_width_all=&#8221;2px&#8221; border_color_all=&#8221;#C3A049&#8243; global_colors_info=&#8221;{}&#8221; background__hover_enabled=&#8221;off|desktop&#8221; background_color__hover=&#8221;#C3A049&#8243; background_enable_color__hover=&#8221;on&#8221; border_color_all__hover_enabled=&#8221;on|hover&#8221; border_color_all__hover=&#8221;#1D1D1B&#8221;][et_pb_blurb title=&#8221;\u00d6sszess\u00e9g\u00e9ben:&#8221; use_icon=&#8221;on&#8221; font_icon=&#8221;&#xf00c;||fa||900&#8243; icon_placement=&#8221;left&#8221; _builder_version=&#8221;4.24.2&#8243; _module_preset=&#8221;default&#8221; header_font=&#8221;|800|||||||&#8221; header_font_size=&#8221;20px&#8221; header_line_height=&#8221;1.5em&#8221; min_height=&#8221;330px&#8221; min_height_tablet=&#8221;auto&#8221; min_height_phone=&#8221;auto&#8221; min_height_last_edited=&#8221;on|tablet&#8221; custom_margin=&#8221;||10px||false|false&#8221; global_colors_info=&#8221;{}&#8221;]<\/p>\n<p>A biztons\u00e1gi t\u00e1vfel\u00fcgyelet seg\u00edthet megel\u0151zni a b\u0171ncselekm\u00e9nyeket, minimaliz\u00e1lni a k\u00e1rokat \u00e9s n\u00f6velni a lak\u00e1s biztons\u00e1g\u00e1t, ami k\u00fcl\u00f6n\u00f6sen fontos a lak\u00f3k \u00e9s az \u00e9rt\u00e9kek v\u00e9delme szempontj\u00e1b\u00f3l.<\/p>\n<p>[\/et_pb_blurb][\/et_pb_column][\/et_pb_row][et_pb_row _builder_version=&#8221;4.24.2&#8243; _module_preset=&#8221;default&#8221; width_tablet=&#8221;&#8221; width_phone=&#8221;90%&#8221; width_last_edited=&#8221;on|phone&#8221; global_colors_info=&#8221;{}&#8221;][et_pb_column type=&#8221;4_4&#8243; _builder_version=&#8221;4.24.2&#8243; _module_preset=&#8221;default&#8221; global_colors_info=&#8221;{}&#8221;][et_pb_text content_tablet=&#8221;<\/p>\n<p>Szeretne t\u00f6bbet megtudni szolg\u00e1ltat\u00e1sinkr\u00f3l? Keressen benn\u00fcnket el\u00e9rhet\u0151s\u00e9geinken, koll\u00e9g\u00e1ink sz\u00edvesen seg\u00edtenek!<\/p>\n<p>&#8221; content_phone=&#8221;<\/p>\n<p>Szeretne t\u00f6bbet megtudni szolg\u00e1ltat\u00e1sinkr\u00f3l? Keressen benn\u00fcnket el\u00e9rhet\u0151s\u00e9geinken, koll\u00e9g\u00e1ink sz\u00edvesen seg\u00edtenek!<\/p>\n<p>&#8221; content_last_edited=&#8221;on|tablet&#8221; _builder_version=&#8221;4.24.2&#8243; _module_preset=&#8221;default&#8221; text_orientation=&#8221;center&#8221; global_colors_info=&#8221;{}&#8221;]<\/p>\n<p>Szeretne t\u00f6bbet megtudni szolg\u00e1ltat\u00e1sinkr\u00f3l?<br \/>Keressen benn\u00fcnket el\u00e9rhet\u0151s\u00e9geinken, koll\u00e9g\u00e1ink sz\u00edvesen seg\u00edtenek!<\/p>\n<p>[\/et_pb_text][et_pb_button button_url=&#8221;tel:+36308943767&#8243; button_text=&#8221;telefonh\u00edv\u00e1s most&#8221; button_alignment=&#8221;center&#8221; _builder_version=&#8221;4.24.2&#8243; _module_preset=&#8221;default&#8221; custom_button=&#8221;on&#8221; button_text_size=&#8221;15px&#8221; button_text_color=&#8221;#FFFFFF&#8221; button_bg_color=&#8221;#C3A049&#8243; button_border_color=&#8221;#C3A049&#8243; button_border_radius=&#8221;100px&#8221; button_font=&#8221;|700||on|||||&#8221; button_use_icon=&#8221;off&#8221; custom_padding=&#8221;10px|50px|10px|50px|true|true&#8221; global_colors_info=&#8221;{}&#8221; button_text_color__hover_enabled=&#8221;on|desktop&#8221; button_text_color__hover=&#8221;#1D1D1B&#8221;][\/et_pb_button][\/et_pb_column][\/et_pb_row][\/et_pb_section]<\/p>\n","protected":false},"excerpt":{"rendered":"<p>0-24 \u00f3r\u00e1s biztons\u00e1gi t\u00e1vfel\u00fcgyeletObjektum, ingatlanv\u00e9delem, vide\u00f3 t\u00e1vfel\u00fcgyelet, t\u0171zjelz\u0151 t\u00e1vfel\u00fcgyelet, kivonul\u00e1s, helysz\u00ednbiztos\u00edt\u00e1s, j\u00e1r\u0151r szolg\u00e1lat, b\u00e9rkivonul\u00e1s, b\u00e9rt\u00e1vfel\u00fcgyeletMilyen el\u0151ny\u00f6kkel j\u00e1r egy biztons\u00e1gi t\u00e1vfel\u00fcgyelet szolg\u00e1ltat\u00e1s?Term\u00e9szetesen sz\u00e1mtalan el\u0151nnyel, de ezek k\u00f6z\u00fcl kiemeln\u00e9nk a legfontosabbakat:A biztons\u00e1gi rendszerek t\u00e1vfel\u00fcgyelete lehet\u0151v\u00e9 teszi az azonnali \u00e9rtes\u00edt\u00e9st \u00e9s beavatkoz\u00e1st, ha b\u00e1rmilyen vesz\u00e9lyforr\u00e1s \u00e9szlelnek koll\u00e9g\u00e1ink. Ez gyorsabb seg\u00edts\u00e9get \u00e9s v\u00e9delmet biztos\u00edt a tulajdonosoknak.A l\u00e1that\u00f3 biztons\u00e1gi rendszerek [&hellip;]<\/p>\n","protected":false},"author":1,"featured_media":0,"parent":0,"menu_order":0,"comment_status":"closed","ping_status":"closed","template":"","meta":{"_et_pb_use_builder":"on","_et_pb_old_content":"","_et_gb_content_width":"","footnotes":""},"class_list":["post-19","page","type-page","status-publish","hentry"],"yoast_head":"<!-- This site is optimized with the Yoast SEO plugin v26.3 - https:\/\/yoast.com\/wordpress\/plugins\/seo\/ -->\n<title>0-24 \u00f3r\u00e1s biztons\u00e1gi t\u00e1vfel\u00fcgyelet - Legal V\u00e9d Kft.<\/title>\n<meta name=\"description\" content=\"0-24 \u00f3r\u00e1s biztons\u00e1gi t\u00e1vfel\u00fcgyelet: Objektum, ingatlanv\u00e9delem, vide\u00f3 t\u00e1vfel\u00fcgyelet, t\u0171zjelz\u0151 t\u00e1vfel\u00fcgyelet, kivonul\u00e1s, helysz\u00ednbiztos\u00edt\u00e1s, ...\" \/>\n<meta name=\"robots\" content=\"index, follow, max-snippet:-1, max-image-preview:large, max-video-preview:-1\" \/>\n<link rel=\"canonical\" href=\"https:\/\/legalved.hu\/index.php\/biztonsagi-tavfelugyelet\/\" \/>\n<meta property=\"og:locale\" content=\"hu_HU\" \/>\n<meta property=\"og:type\" content=\"article\" \/>\n<meta property=\"og:title\" content=\"0-24 \u00f3r\u00e1s biztons\u00e1gi t\u00e1vfel\u00fcgyelet - Legal V\u00e9d Kft.\" \/>\n<meta property=\"og:description\" content=\"0-24 \u00f3r\u00e1s biztons\u00e1gi t\u00e1vfel\u00fcgyelet: Objektum, ingatlanv\u00e9delem, vide\u00f3 t\u00e1vfel\u00fcgyelet, t\u0171zjelz\u0151 t\u00e1vfel\u00fcgyelet, kivonul\u00e1s, helysz\u00ednbiztos\u00edt\u00e1s, ...\" \/>\n<meta property=\"og:url\" content=\"https:\/\/legalved.hu\/index.php\/biztonsagi-tavfelugyelet\/\" \/>\n<meta property=\"og:site_name\" content=\"Legal V\u00e9d Kft.\" \/>\n<meta property=\"article:modified_time\" content=\"2024-04-03T11:42:49+00:00\" \/>\n<meta name=\"twitter:card\" content=\"summary_large_image\" \/>\n<meta name=\"twitter:label1\" content=\"Becs\u00fclt olvas\u00e1si id\u0151\" \/>\n\t<meta name=\"twitter:data1\" content=\"2 perc\" \/>\n<script type=\"application\/ld+json\" class=\"yoast-schema-graph\">{\"@context\":\"https:\/\/schema.org\",\"@graph\":[{\"@type\":\"WebPage\",\"@id\":\"https:\/\/legalved.hu\/index.php\/biztonsagi-tavfelugyelet\/\",\"url\":\"https:\/\/legalved.hu\/index.php\/biztonsagi-tavfelugyelet\/\",\"name\":\"0-24 \u00f3r\u00e1s biztons\u00e1gi t\u00e1vfel\u00fcgyelet - Legal V\u00e9d Kft.\",\"isPartOf\":{\"@id\":\"https:\/\/legalved.hu\/#website\"},\"datePublished\":\"2024-03-08T11:32:09+00:00\",\"dateModified\":\"2024-04-03T11:42:49+00:00\",\"description\":\"0-24 \u00f3r\u00e1s biztons\u00e1gi t\u00e1vfel\u00fcgyelet: Objektum, ingatlanv\u00e9delem, vide\u00f3 t\u00e1vfel\u00fcgyelet, t\u0171zjelz\u0151 t\u00e1vfel\u00fcgyelet, kivonul\u00e1s, helysz\u00ednbiztos\u00edt\u00e1s, ...\",\"breadcrumb\":{\"@id\":\"https:\/\/legalved.hu\/index.php\/biztonsagi-tavfelugyelet\/#breadcrumb\"},\"inLanguage\":\"hu\",\"potentialAction\":[{\"@type\":\"ReadAction\",\"target\":[\"https:\/\/legalved.hu\/index.php\/biztonsagi-tavfelugyelet\/\"]}]},{\"@type\":\"BreadcrumbList\",\"@id\":\"https:\/\/legalved.hu\/index.php\/biztonsagi-tavfelugyelet\/#breadcrumb\",\"itemListElement\":[{\"@type\":\"ListItem\",\"position\":1,\"name\":\"Kezd\u0151lap\",\"item\":\"https:\/\/legalved.hu\/\"},{\"@type\":\"ListItem\",\"position\":2,\"name\":\"Biztons\u00e1gi t\u00e1vfel\u00fcgyelet\"}]},{\"@type\":\"WebSite\",\"@id\":\"https:\/\/legalved.hu\/#website\",\"url\":\"https:\/\/legalved.hu\/\",\"name\":\"Legal V\u00e9d Kft.\",\"description\":\"0-24 \u00f3r\u00e1s t\u00e1vfel\u00fcgyelet; \u00e9l\u0151er\u0151s \u0151rz\u00e9s \u00e9s vagyonv\u00e9delem; biztons\u00e1gtechnika\",\"potentialAction\":[{\"@type\":\"SearchAction\",\"target\":{\"@type\":\"EntryPoint\",\"urlTemplate\":\"https:\/\/legalved.hu\/?s={search_term_string}\"},\"query-input\":{\"@type\":\"PropertyValueSpecification\",\"valueRequired\":true,\"valueName\":\"search_term_string\"}}],\"inLanguage\":\"hu\"}]}<\/script>\n<!-- \/ Yoast SEO plugin. -->","yoast_head_json":{"title":"0-24 \u00f3r\u00e1s biztons\u00e1gi t\u00e1vfel\u00fcgyelet - Legal V\u00e9d Kft.","description":"0-24 \u00f3r\u00e1s biztons\u00e1gi t\u00e1vfel\u00fcgyelet: Objektum, ingatlanv\u00e9delem, vide\u00f3 t\u00e1vfel\u00fcgyelet, t\u0171zjelz\u0151 t\u00e1vfel\u00fcgyelet, kivonul\u00e1s, helysz\u00ednbiztos\u00edt\u00e1s, ...","robots":{"index":"index","follow":"follow","max-snippet":"max-snippet:-1","max-image-preview":"max-image-preview:large","max-video-preview":"max-video-preview:-1"},"canonical":"https:\/\/legalved.hu\/index.php\/biztonsagi-tavfelugyelet\/","og_locale":"hu_HU","og_type":"article","og_title":"0-24 \u00f3r\u00e1s biztons\u00e1gi t\u00e1vfel\u00fcgyelet - Legal V\u00e9d Kft.","og_description":"0-24 \u00f3r\u00e1s biztons\u00e1gi t\u00e1vfel\u00fcgyelet: Objektum, ingatlanv\u00e9delem, vide\u00f3 t\u00e1vfel\u00fcgyelet, t\u0171zjelz\u0151 t\u00e1vfel\u00fcgyelet, kivonul\u00e1s, helysz\u00ednbiztos\u00edt\u00e1s, ...","og_url":"https:\/\/legalved.hu\/index.php\/biztonsagi-tavfelugyelet\/","og_site_name":"Legal V\u00e9d Kft.","article_modified_time":"2024-04-03T11:42:49+00:00","twitter_card":"summary_large_image","twitter_misc":{"Becs\u00fclt olvas\u00e1si id\u0151":"2 perc"},"schema":{"@context":"https:\/\/schema.org","@graph":[{"@type":"WebPage","@id":"https:\/\/legalved.hu\/index.php\/biztonsagi-tavfelugyelet\/","url":"https:\/\/legalved.hu\/index.php\/biztonsagi-tavfelugyelet\/","name":"0-24 \u00f3r\u00e1s biztons\u00e1gi t\u00e1vfel\u00fcgyelet - Legal V\u00e9d Kft.","isPartOf":{"@id":"https:\/\/legalved.hu\/#website"},"datePublished":"2024-03-08T11:32:09+00:00","dateModified":"2024-04-03T11:42:49+00:00","description":"0-24 \u00f3r\u00e1s biztons\u00e1gi t\u00e1vfel\u00fcgyelet: Objektum, ingatlanv\u00e9delem, vide\u00f3 t\u00e1vfel\u00fcgyelet, t\u0171zjelz\u0151 t\u00e1vfel\u00fcgyelet, kivonul\u00e1s, helysz\u00ednbiztos\u00edt\u00e1s, ...","breadcrumb":{"@id":"https:\/\/legalved.hu\/index.php\/biztonsagi-tavfelugyelet\/#breadcrumb"},"inLanguage":"hu","potentialAction":[{"@type":"ReadAction","target":["https:\/\/legalved.hu\/index.php\/biztonsagi-tavfelugyelet\/"]}]},{"@type":"BreadcrumbList","@id":"https:\/\/legalved.hu\/index.php\/biztonsagi-tavfelugyelet\/#breadcrumb","itemListElement":[{"@type":"ListItem","position":1,"name":"Kezd\u0151lap","item":"https:\/\/legalved.hu\/"},{"@type":"ListItem","position":2,"name":"Biztons\u00e1gi t\u00e1vfel\u00fcgyelet"}]},{"@type":"WebSite","@id":"https:\/\/legalved.hu\/#website","url":"https:\/\/legalved.hu\/","name":"Legal V\u00e9d Kft.","description":"0-24 \u00f3r\u00e1s t\u00e1vfel\u00fcgyelet; \u00e9l\u0151er\u0151s \u0151rz\u00e9s \u00e9s vagyonv\u00e9delem; biztons\u00e1gtechnika","potentialAction":[{"@type":"SearchAction","target":{"@type":"EntryPoint","urlTemplate":"https:\/\/legalved.hu\/?s={search_term_string}"},"query-input":{"@type":"PropertyValueSpecification","valueRequired":true,"valueName":"search_term_string"}}],"inLanguage":"hu"}]}},"_links":{"self":[{"href":"https:\/\/legalved.hu\/index.php\/wp-json\/wp\/v2\/pages\/19","targetHints":{"allow":["GET"]}}],"collection":[{"href":"https:\/\/legalved.hu\/index.php\/wp-json\/wp\/v2\/pages"}],"about":[{"href":"https:\/\/legalved.hu\/index.php\/wp-json\/wp\/v2\/types\/page"}],"author":[{"embeddable":true,"href":"https:\/\/legalved.hu\/index.php\/wp-json\/wp\/v2\/users\/1"}],"replies":[{"embeddable":true,"href":"https:\/\/legalved.hu\/index.php\/wp-json\/wp\/v2\/comments?post=19"}],"version-history":[{"count":11,"href":"https:\/\/legalved.hu\/index.php\/wp-json\/wp\/v2\/pages\/19\/revisions"}],"predecessor-version":[{"id":208,"href":"https:\/\/legalved.hu\/index.php\/wp-json\/wp\/v2\/pages\/19\/revisions\/208"}],"wp:attachment":[{"href":"https:\/\/legalved.hu\/index.php\/wp-json\/wp\/v2\/media?parent=19"}],"curies":[{"name":"wp","href":"https:\/\/api.w.org\/{rel}","templated":true}]}}