{"id":23,"date":"2024-03-08T11:33:01","date_gmt":"2024-03-08T11:33:01","guid":{"rendered":"https:\/\/legalved.hu\/?page_id=23"},"modified":"2024-04-03T11:44:35","modified_gmt":"2024-04-03T11:44:35","slug":"biztonsagtechnikai-rendszerek","status":"publish","type":"page","link":"https:\/\/legalved.hu\/index.php\/biztonsagtechnikai-rendszerek\/","title":{"rendered":"Biztons\u00e1gtechnikai rendszerek"},"content":{"rendered":"<p>[et_pb_section fb_built=&#8221;1&#8243; _builder_version=&#8221;4.24.2&#8243; _module_preset=&#8221;default&#8221; background_color=&#8221;rgba(0,0,0,0.7)&#8221; background_image=&#8221;https:\/\/legalved.hu\/wp-content\/uploads\/2024\/03\/biztonsagtechnika.jpg&#8221; background_blend=&#8221;overlay&#8221; global_colors_info=&#8221;{}&#8221;][et_pb_row _builder_version=&#8221;4.24.2&#8243; _module_preset=&#8221;default&#8221; width_tablet=&#8221;&#8221; width_phone=&#8221;90%&#8221; width_last_edited=&#8221;on|phone&#8221; global_colors_info=&#8221;{}&#8221;][et_pb_column type=&#8221;4_4&#8243; _builder_version=&#8221;4.24.2&#8243; _module_preset=&#8221;default&#8221; global_colors_info=&#8221;{}&#8221;][et_pb_text _builder_version=&#8221;4.24.2&#8243; _module_preset=&#8221;default&#8221; header_font=&#8221;|800|||||||&#8221; header_text_align=&#8221;center&#8221; header_text_color=&#8221;#FFFFFF&#8221; custom_margin=&#8221;||6px|||&#8221; header_font_size_tablet=&#8221;&#8221; header_font_size_phone=&#8221;33px&#8221; header_font_size_last_edited=&#8221;on|phone&#8221; global_colors_info=&#8221;{}&#8221;]<\/p>\n<h1>Biztons\u00e1gtechnika<\/h1>\n<p>[\/et_pb_text][et_pb_text content_tablet=&#8221;<\/p>\n<p>Szeretn\u00e9 biztons\u00e1gban tudni szeretteit \u00e9s vagyon\u00e1t vagy csak korszer\u0171s\u00edten\u00e9 lak\u00e1sa biztons\u00e1gtechnikai rendszer\u00e9t? A Legal V\u00e9d Kft. megold\u00e1st k\u00edn\u00e1l \u00d6nnek!<\/p>\n<p>&#8221; content_last_edited=&#8221;off|desktop&#8221; _builder_version=&#8221;4.24.2&#8243; _module_preset=&#8221;default&#8221; text_orientation=&#8221;center&#8221; global_colors_info=&#8221;{}&#8221;]<\/p>\n<p>Riaszt\u00f3, vide\u00f3-megfigyel\u0151, kamera, t\u0171zjelz\u0151 \u00e9s bel\u00e9ptet\u0151 rendszerek tervez\u00e9se, teljesk\u00f6r\u0171 kivitelez\u00e9se, telep\u00edt\u00e9se hat\u00f3s\u00e1gi \u00e1tad\u00e1ssal, karbantart\u00e1sa, szerv\u00edzel\u00e9se.<\/p>\n<p>[\/et_pb_text][\/et_pb_column][\/et_pb_row][\/et_pb_section][et_pb_section fb_built=&#8221;1&#8243; _builder_version=&#8221;4.24.2&#8243; _module_preset=&#8221;default&#8221; background_color=&#8221;#333333&#8243; hover_enabled=&#8221;0&#8243; global_colors_info=&#8221;{}&#8221; sticky_enabled=&#8221;0&#8243;][et_pb_row _builder_version=&#8221;4.24.2&#8243; _module_preset=&#8221;default&#8221; width_tablet=&#8221;&#8221; width_phone=&#8221;90%&#8221; width_last_edited=&#8221;on|phone&#8221; global_colors_info=&#8221;{}&#8221;][et_pb_column type=&#8221;4_4&#8243; _builder_version=&#8221;4.24.2&#8243; _module_preset=&#8221;default&#8221; global_colors_info=&#8221;{}&#8221;][et_pb_text _builder_version=&#8221;4.24.2&#8243; _module_preset=&#8221;default&#8221; header_2_font=&#8221;|800|||||||&#8221; header_2_text_align=&#8221;center&#8221; header_2_font_size=&#8221;40px&#8221; header_2_line_height=&#8221;1.5em&#8221; custom_margin=&#8221;||7px|||&#8221; header_2_font_size_tablet=&#8221;&#8221; header_2_font_size_phone=&#8221;33px&#8221; header_2_font_size_last_edited=&#8221;on|tablet&#8221; global_colors_info=&#8221;{}&#8221;]<\/p>\n<h2>Mi\u00e9rt j\u00f3 egy vide\u00f3 megfigyel\u0151 rendszer?<\/h2>\n<p>[\/et_pb_text][et_pb_text content_tablet=&#8221;<\/p>\n<p>Szeretn\u00e9 biztons\u00e1gban tudni szeretteit \u00e9s vagyon\u00e1t vagy csak korszer\u0171s\u00edten\u00e9 lak\u00e1sa biztons\u00e1gtechnikai rendszer\u00e9t? A Legal V\u00e9d Kft. megold\u00e1st k\u00edn\u00e1l \u00d6nnek!<\/p>\n<p>&#8221; content_last_edited=&#8221;off|desktop&#8221; _builder_version=&#8221;4.24.2&#8243; _module_preset=&#8221;default&#8221; text_orientation=&#8221;center&#8221; global_colors_info=&#8221;{}&#8221;]<\/p>\n<p>Egyre fontosabb\u00e1 v\u00e1lik, hogy meg\u00f3vjuk otthonunkat, v\u00e1llalkoz\u00e1sunkat \u00e9s szeretteink biztons\u00e1g\u00e1t. Az al\u00e1bbiakban bemutatjuk \u00d6nnek, hogy mi\u00e9rt \u00e9rdemes elgondolkodni egy kamera \u00e9s vide\u00f3 megfigyel\u0151 rendszer beszerz\u00e9s\u00e9n:<\/p>\n<p>[\/et_pb_text][\/et_pb_column][\/et_pb_row][et_pb_row column_structure=&#8221;1_3,1_3,1_3&#8243; use_custom_gutter=&#8221;on&#8221; gutter_width=&#8221;2&#8243; _builder_version=&#8221;4.24.2&#8243; _module_preset=&#8221;default&#8221; width_tablet=&#8221;&#8221; width_phone=&#8221;90%&#8221; width_last_edited=&#8221;on|phone&#8221; global_colors_info=&#8221;{}&#8221;][et_pb_column type=&#8221;1_3&#8243; _builder_version=&#8221;4.24.2&#8243; _module_preset=&#8221;default&#8221; background_color=&#8221;#1D1D1B&#8221; custom_padding=&#8221;20px|20px|20px|20px|true|true&#8221; border_radii=&#8221;on|25px|25px|25px|25px&#8221; border_width_all=&#8221;2px&#8221; border_color_all=&#8221;#C3A049&#8243; global_colors_info=&#8221;{}&#8221; background__hover_enabled=&#8221;off|desktop&#8221; background_color__hover=&#8221;#C3A049&#8243; background_enable_color__hover=&#8221;on&#8221; border_color_all__hover_enabled=&#8221;on|hover&#8221; border_color_all__hover=&#8221;#1D1D1B&#8221;][et_pb_blurb title=&#8221;Biztons\u00e1g\u00e9rzet n\u00f6vel\u00e9se:&#8221; use_icon=&#8221;on&#8221; font_icon=&#8221;&#xf00c;||fa||900&#8243; icon_placement=&#8221;left&#8221; _builder_version=&#8221;4.24.2&#8243; _module_preset=&#8221;default&#8221; header_font=&#8221;|800|||||||&#8221; header_font_size=&#8221;20px&#8221; header_line_height=&#8221;1.5em&#8221; min_height=&#8221;263px&#8221; min_height_tablet=&#8221;auto&#8221; min_height_phone=&#8221;&#8221; min_height_last_edited=&#8221;on|tablet&#8221; custom_margin=&#8221;||10px||false|false&#8221; global_colors_info=&#8221;{}&#8221;]<\/p>\n<p>Egy j\u00f3l tervezett megfigyel\u0151 rendszerrel n\u0151 a biztons\u00e1g\u00e9rzet mind otthon, mind a munkahelyen.<\/p>\n<p>[\/et_pb_blurb][\/et_pb_column][et_pb_column type=&#8221;1_3&#8243; _builder_version=&#8221;4.24.2&#8243; _module_preset=&#8221;default&#8221; background_color=&#8221;#1D1D1B&#8221; custom_padding=&#8221;20px|20px|20px|20px|true|true&#8221; border_radii=&#8221;on|25px|25px|25px|25px&#8221; border_width_all=&#8221;2px&#8221; border_color_all=&#8221;#C3A049&#8243; global_colors_info=&#8221;{}&#8221; background__hover_enabled=&#8221;off|desktop&#8221; background_color__hover=&#8221;#C3A049&#8243; background_enable_color__hover=&#8221;on&#8221; border_color_all__hover_enabled=&#8221;on|hover&#8221; border_color_all__hover=&#8221;#1D1D1B&#8221;][et_pb_blurb title=&#8221;B\u0171nmegel\u0151z\u00e9s:&#8221; use_icon=&#8221;on&#8221; font_icon=&#8221;&#xf00c;||fa||900&#8243; icon_placement=&#8221;left&#8221; _builder_version=&#8221;4.24.2&#8243; _module_preset=&#8221;default&#8221; header_font=&#8221;|800|||||||&#8221; header_font_size=&#8221;20px&#8221; header_line_height=&#8221;1.5em&#8221; min_height=&#8221;263px&#8221; min_height_tablet=&#8221;auto&#8221; min_height_phone=&#8221;&#8221; min_height_last_edited=&#8221;on|tablet&#8221; custom_margin=&#8221;||10px||false|false&#8221; global_colors_info=&#8221;{}&#8221;]<\/p>\n<p>A l\u00e1that\u00f3 kamer\u00e1k sok esetben \u00f6nmagukban is elegek lehetnek a b\u0171n\u00f6z\u0151k elrettent\u00e9s\u00e9hez. Senki sem akarja, hogy tettei r\u00f6gz\u00edt\u00e9sre ker\u00fcljenek.<\/p>\n<p>[\/et_pb_blurb][\/et_pb_column][et_pb_column type=&#8221;1_3&#8243; _builder_version=&#8221;4.24.2&#8243; _module_preset=&#8221;default&#8221; background_color=&#8221;#1D1D1B&#8221; custom_padding=&#8221;20px|20px|20px|20px|true|true&#8221; border_radii=&#8221;on|25px|25px|25px|25px&#8221; border_width_all=&#8221;2px&#8221; border_color_all=&#8221;#C3A049&#8243; global_colors_info=&#8221;{}&#8221; background__hover_enabled=&#8221;off|desktop&#8221; background_color__hover=&#8221;#C3A049&#8243; background_enable_color__hover=&#8221;on&#8221; border_color_all__hover_enabled=&#8221;on|hover&#8221; border_color_all__hover=&#8221;#1D1D1B&#8221;][et_pb_blurb title=&#8221;T\u00e1volr\u00f3l val\u00f3 figyelemmel k\u00eds\u00e9r\u00e9s:&#8221; use_icon=&#8221;on&#8221; font_icon=&#8221;&#xf00c;||fa||900&#8243; icon_placement=&#8221;left&#8221; _builder_version=&#8221;4.24.2&#8243; _module_preset=&#8221;default&#8221; header_font=&#8221;|800|||||||&#8221; header_font_size=&#8221;20px&#8221; header_line_height=&#8221;1.5em&#8221; min_height=&#8221;263px&#8221; min_height_tablet=&#8221;auto&#8221; min_height_phone=&#8221;&#8221; min_height_last_edited=&#8221;on|tablet&#8221; custom_margin=&#8221;||10px||false|false&#8221; global_colors_info=&#8221;{}&#8221;]<\/p>\n<p>A modern kamerarendszerek lehet\u0151v\u00e9 teszik, hogy online k\u00f6vess\u00fck \u00e9s ellen\u0151rizz\u00fck az adott helysz\u00ednt b\u00e1rhol a vil\u00e1gon. \u00cdgy ak\u00e1r nyaral\u00e1s k\u00f6zben is meggy\u0151z\u0151dhet r\u00f3la, hogy minden rendben van.<\/p>\n<p>[\/et_pb_blurb][\/et_pb_column][\/et_pb_row][et_pb_row column_structure=&#8221;1_3,1_3,1_3&#8243; use_custom_gutter=&#8221;on&#8221; gutter_width=&#8221;2&#8243; custom_padding_last_edited=&#8221;on|tablet&#8221; _builder_version=&#8221;4.24.2&#8243; _module_preset=&#8221;default&#8221; width_tablet=&#8221;&#8221; width_phone=&#8221;90%&#8221; width_last_edited=&#8221;on|phone&#8221; custom_padding_tablet=&#8221;0px||||false|false&#8221; custom_padding_phone=&#8221;&#8221; global_colors_info=&#8221;{}&#8221;][et_pb_column type=&#8221;1_3&#8243; _builder_version=&#8221;4.24.2&#8243; _module_preset=&#8221;default&#8221; background_color=&#8221;#1D1D1B&#8221; custom_padding=&#8221;20px|20px|20px|20px|true|true&#8221; border_radii=&#8221;on|25px|25px|25px|25px&#8221; border_width_all=&#8221;2px&#8221; border_color_all=&#8221;#C3A049&#8243; global_colors_info=&#8221;{}&#8221; background__hover_enabled=&#8221;off|desktop&#8221; background_color__hover=&#8221;#C3A049&#8243; background_enable_color__hover=&#8221;on&#8221; border_color_all__hover_enabled=&#8221;on|hover&#8221; border_color_all__hover=&#8221;#1D1D1B&#8221;][et_pb_blurb title=&#8221;Esem\u00e9nyek dokument\u00e1l\u00e1sa:&#8221; use_icon=&#8221;on&#8221; font_icon=&#8221;&#xf00c;||fa||900&#8243; icon_placement=&#8221;left&#8221; _builder_version=&#8221;4.24.2&#8243; _module_preset=&#8221;default&#8221; header_font=&#8221;|800|||||||&#8221; header_font_size=&#8221;20px&#8221; header_line_height=&#8221;1.5em&#8221; min_height=&#8221;263px&#8221; min_height_tablet=&#8221;auto&#8221; min_height_phone=&#8221;&#8221; min_height_last_edited=&#8221;on|tablet&#8221; custom_margin=&#8221;||10px||false|false&#8221; global_colors_info=&#8221;{}&#8221;]<\/p>\n<p>A kamer\u00e1k r\u00f6gz\u00edtik a mindennapi esem\u00e9nyeket, \u00edgy k\u00f6nnyen visszatekinthet\u00fcnk r\u00e1juk, ak\u00e1r jogi dokument\u00e1ci\u00f3 c\u00e9lj\u00e1b\u00f3l is.<\/p>\n<p>[\/et_pb_blurb][\/et_pb_column][et_pb_column type=&#8221;1_3&#8243; _builder_version=&#8221;4.24.2&#8243; _module_preset=&#8221;default&#8221; background_color=&#8221;#1D1D1B&#8221; custom_padding=&#8221;20px|20px|20px|20px|true|true&#8221; border_radii=&#8221;on|25px|25px|25px|25px&#8221; border_width_all=&#8221;2px&#8221; border_color_all=&#8221;#C3A049&#8243; global_colors_info=&#8221;{}&#8221; background__hover_enabled=&#8221;off|desktop&#8221; background_color__hover=&#8221;#C3A049&#8243; background_enable_color__hover=&#8221;on&#8221; border_color_all__hover_enabled=&#8221;on|hover&#8221; border_color_all__hover=&#8221;#1D1D1B&#8221;][et_pb_blurb title=&#8221;\u00dczleti el\u0151ny\u00f6k:&#8221; use_icon=&#8221;on&#8221; font_icon=&#8221;&#xf00c;||fa||900&#8243; icon_placement=&#8221;left&#8221; _builder_version=&#8221;4.24.2&#8243; _module_preset=&#8221;default&#8221; header_font=&#8221;|800|||||||&#8221; header_font_size=&#8221;20px&#8221; header_line_height=&#8221;1.5em&#8221; min_height=&#8221;263px&#8221; min_height_tablet=&#8221;auto&#8221; min_height_phone=&#8221;&#8221; min_height_last_edited=&#8221;on|tablet&#8221; custom_margin=&#8221;||10px||false|false&#8221; global_colors_info=&#8221;{}&#8221;]<\/p>\n<p>V\u00e1llalkoz\u00e1sok sz\u00e1m\u00e1ra a megfigyel\u0151 rendszer jav\u00edthatja a munkater\u00fclet biztons\u00e1g\u00e1t \u00e9s hat\u00e9konys\u00e1g\u00e1t, valamint seg\u00edthet megel\u0151zni lop\u00e1sokat \u00e9s egy\u00e9b probl\u00e9m\u00e1kat.<\/p>\n<p>[\/et_pb_blurb][\/et_pb_column][et_pb_column type=&#8221;1_3&#8243; _builder_version=&#8221;4.24.2&#8243; _module_preset=&#8221;default&#8221; background_enable_color=&#8221;off&#8221; custom_padding=&#8221;20px|20px|20px|20px|true|true&#8221; border_radii=&#8221;on|25px|25px|25px|25px&#8221; global_colors_info=&#8221;{}&#8221; background__hover_enabled=&#8221;off|desktop&#8221; background_color__hover=&#8221;#C3A049&#8243; background_enable_color__hover=&#8221;on&#8221;][\/et_pb_column][\/et_pb_row][et_pb_row custom_padding_last_edited=&#8221;on|tablet&#8221; _builder_version=&#8221;4.24.2&#8243; _module_preset=&#8221;default&#8221; width_tablet=&#8221;&#8221; width_phone=&#8221;90%&#8221; width_last_edited=&#8221;on|phone&#8221; custom_padding_tablet=&#8221;0px||||false|false&#8221; custom_padding_phone=&#8221;0px||||false|false&#8221; global_colors_info=&#8221;{}&#8221;][et_pb_column type=&#8221;4_4&#8243; _builder_version=&#8221;4.24.2&#8243; _module_preset=&#8221;default&#8221; global_colors_info=&#8221;{}&#8221;][et_pb_text content_tablet=&#8221;Szeretn\u00e9 \u00d6n is biztons\u00e1gban tudni szeretteit, \u00e9rt\u00e9keit? Rendelje meg most a telep\u00edt\u00e9st \u00e9s mi d\u00edjmentesen konfigur\u00e1ljuk \u00d6nnek a mobil el\u00e9r\u00e9st.&#8221; content_phone=&#8221;Szeretn\u00e9 \u00d6n is biztons\u00e1gban tudni szeretteit, \u00e9rt\u00e9keit? Rendelje meg most a telep\u00edt\u00e9st \u00e9s mi d\u00edjmentesen konfigur\u00e1ljuk \u00d6nnek a mobil el\u00e9r\u00e9st.&#8221; content_last_edited=&#8221;on|phone&#8221; _builder_version=&#8221;4.24.2&#8243; _module_preset=&#8221;default&#8221; text_orientation=&#8221;center&#8221; global_colors_info=&#8221;{}&#8221;]Szeretn\u00e9 \u00d6n is biztons\u00e1gban tudni szeretteit, \u00e9rt\u00e9keit?<br \/>\nRendelje meg most a telep\u00edt\u00e9st \u00e9s mi d\u00edjmentesen konfigur\u00e1ljuk \u00d6nnek a mobil el\u00e9r\u00e9st.[\/et_pb_text][et_pb_button button_url=&#8221;tel:+36308301765&#8243; button_text=&#8221;telefonh\u00edv\u00e1s most&#8221; button_alignment=&#8221;center&#8221; _builder_version=&#8221;4.24.2&#8243; _module_preset=&#8221;default&#8221; custom_button=&#8221;on&#8221; button_text_size=&#8221;15px&#8221; button_text_color=&#8221;#FFFFFF&#8221; button_bg_color=&#8221;#C3A049&#8243; button_border_color=&#8221;#C3A049&#8243; button_border_radius=&#8221;100px&#8221; button_font=&#8221;|700||on|||||&#8221; button_use_icon=&#8221;off&#8221; custom_padding=&#8221;10px|50px|10px|50px|true|true&#8221; hover_enabled=&#8221;0&#8243; global_colors_info=&#8221;{}&#8221; button_text_color__hover_enabled=&#8221;on|hover&#8221; button_text_color__hover=&#8221;#1D1D1B&#8221; sticky_enabled=&#8221;0&#8243;][\/et_pb_button][\/et_pb_column][\/et_pb_row][\/et_pb_section]<\/p>\n","protected":false},"excerpt":{"rendered":"<p>Biztons\u00e1gtechnikaRiaszt\u00f3, vide\u00f3-megfigyel\u0151, kamera, t\u0171zjelz\u0151 \u00e9s bel\u00e9ptet\u0151 rendszerek tervez\u00e9se, teljesk\u00f6r\u0171 kivitelez\u00e9se, telep\u00edt\u00e9se hat\u00f3s\u00e1gi \u00e1tad\u00e1ssal, karbantart\u00e1sa, szerv\u00edzel\u00e9se.Mi\u00e9rt j\u00f3 egy vide\u00f3 megfigyel\u0151 rendszer?Egyre fontosabb\u00e1 v\u00e1lik, hogy meg\u00f3vjuk otthonunkat, v\u00e1llalkoz\u00e1sunkat \u00e9s szeretteink biztons\u00e1g\u00e1t. Az al\u00e1bbiakban bemutatjuk \u00d6nnek, hogy mi\u00e9rt \u00e9rdemes elgondolkodni egy kamera \u00e9s vide\u00f3 megfigyel\u0151 rendszer beszerz\u00e9s\u00e9n:Egy j\u00f3l tervezett megfigyel\u0151 rendszerrel n\u0151 a biztons\u00e1g\u00e9rzet mind otthon, mind a [&hellip;]<\/p>\n","protected":false},"author":1,"featured_media":0,"parent":0,"menu_order":0,"comment_status":"closed","ping_status":"closed","template":"","meta":{"_et_pb_use_builder":"on","_et_pb_old_content":"","_et_gb_content_width":"","footnotes":""},"class_list":["post-23","page","type-page","status-publish","hentry"],"yoast_head":"<!-- This site is optimized with the Yoast SEO plugin v26.3 - https:\/\/yoast.com\/wordpress\/plugins\/seo\/ -->\n<title>Biztons\u00e1gtechnikai rendszerek - Legal V\u00e9d Kft.<\/title>\n<meta name=\"description\" content=\"Biztons\u00e1gtechnikai rendszerek: Riaszt\u00f3, vide\u00f3-megfigyel\u0151, kamera, t\u0171zjelz\u0151 \u00e9s bel\u00e9ptet\u0151 rendszerek tervez\u00e9se, teljesk\u00f6r\u0171 kivitelez\u00e9se, ...\" \/>\n<meta name=\"robots\" content=\"index, follow, max-snippet:-1, max-image-preview:large, max-video-preview:-1\" \/>\n<link rel=\"canonical\" href=\"https:\/\/legalved.hu\/index.php\/biztonsagtechnikai-rendszerek\/\" \/>\n<meta property=\"og:locale\" content=\"hu_HU\" \/>\n<meta property=\"og:type\" content=\"article\" \/>\n<meta property=\"og:title\" content=\"Biztons\u00e1gtechnikai rendszerek - Legal V\u00e9d Kft.\" \/>\n<meta property=\"og:description\" content=\"Biztons\u00e1gtechnikai rendszerek: Riaszt\u00f3, vide\u00f3-megfigyel\u0151, kamera, t\u0171zjelz\u0151 \u00e9s bel\u00e9ptet\u0151 rendszerek tervez\u00e9se, teljesk\u00f6r\u0171 kivitelez\u00e9se, ...\" \/>\n<meta property=\"og:url\" content=\"https:\/\/legalved.hu\/index.php\/biztonsagtechnikai-rendszerek\/\" \/>\n<meta property=\"og:site_name\" content=\"Legal V\u00e9d Kft.\" \/>\n<meta property=\"article:modified_time\" content=\"2024-04-03T11:44:35+00:00\" \/>\n<meta name=\"twitter:card\" content=\"summary_large_image\" \/>\n<meta name=\"twitter:label1\" content=\"Becs\u00fclt olvas\u00e1si id\u0151\" \/>\n\t<meta name=\"twitter:data1\" content=\"1 perc\" \/>\n<script type=\"application\/ld+json\" class=\"yoast-schema-graph\">{\"@context\":\"https:\/\/schema.org\",\"@graph\":[{\"@type\":\"WebPage\",\"@id\":\"https:\/\/legalved.hu\/index.php\/biztonsagtechnikai-rendszerek\/\",\"url\":\"https:\/\/legalved.hu\/index.php\/biztonsagtechnikai-rendszerek\/\",\"name\":\"Biztons\u00e1gtechnikai rendszerek - Legal V\u00e9d Kft.\",\"isPartOf\":{\"@id\":\"https:\/\/legalved.hu\/#website\"},\"datePublished\":\"2024-03-08T11:33:01+00:00\",\"dateModified\":\"2024-04-03T11:44:35+00:00\",\"description\":\"Biztons\u00e1gtechnikai rendszerek: Riaszt\u00f3, vide\u00f3-megfigyel\u0151, kamera, t\u0171zjelz\u0151 \u00e9s bel\u00e9ptet\u0151 rendszerek tervez\u00e9se, teljesk\u00f6r\u0171 kivitelez\u00e9se, ...\",\"breadcrumb\":{\"@id\":\"https:\/\/legalved.hu\/index.php\/biztonsagtechnikai-rendszerek\/#breadcrumb\"},\"inLanguage\":\"hu\",\"potentialAction\":[{\"@type\":\"ReadAction\",\"target\":[\"https:\/\/legalved.hu\/index.php\/biztonsagtechnikai-rendszerek\/\"]}]},{\"@type\":\"BreadcrumbList\",\"@id\":\"https:\/\/legalved.hu\/index.php\/biztonsagtechnikai-rendszerek\/#breadcrumb\",\"itemListElement\":[{\"@type\":\"ListItem\",\"position\":1,\"name\":\"Kezd\u0151lap\",\"item\":\"https:\/\/legalved.hu\/\"},{\"@type\":\"ListItem\",\"position\":2,\"name\":\"Biztons\u00e1gtechnikai rendszerek\"}]},{\"@type\":\"WebSite\",\"@id\":\"https:\/\/legalved.hu\/#website\",\"url\":\"https:\/\/legalved.hu\/\",\"name\":\"Legal V\u00e9d Kft.\",\"description\":\"0-24 \u00f3r\u00e1s t\u00e1vfel\u00fcgyelet; \u00e9l\u0151er\u0151s \u0151rz\u00e9s \u00e9s vagyonv\u00e9delem; biztons\u00e1gtechnika\",\"potentialAction\":[{\"@type\":\"SearchAction\",\"target\":{\"@type\":\"EntryPoint\",\"urlTemplate\":\"https:\/\/legalved.hu\/?s={search_term_string}\"},\"query-input\":{\"@type\":\"PropertyValueSpecification\",\"valueRequired\":true,\"valueName\":\"search_term_string\"}}],\"inLanguage\":\"hu\"}]}<\/script>\n<!-- \/ Yoast SEO plugin. -->","yoast_head_json":{"title":"Biztons\u00e1gtechnikai rendszerek - Legal V\u00e9d Kft.","description":"Biztons\u00e1gtechnikai rendszerek: Riaszt\u00f3, vide\u00f3-megfigyel\u0151, kamera, t\u0171zjelz\u0151 \u00e9s bel\u00e9ptet\u0151 rendszerek tervez\u00e9se, teljesk\u00f6r\u0171 kivitelez\u00e9se, ...","robots":{"index":"index","follow":"follow","max-snippet":"max-snippet:-1","max-image-preview":"max-image-preview:large","max-video-preview":"max-video-preview:-1"},"canonical":"https:\/\/legalved.hu\/index.php\/biztonsagtechnikai-rendszerek\/","og_locale":"hu_HU","og_type":"article","og_title":"Biztons\u00e1gtechnikai rendszerek - Legal V\u00e9d Kft.","og_description":"Biztons\u00e1gtechnikai rendszerek: Riaszt\u00f3, vide\u00f3-megfigyel\u0151, kamera, t\u0171zjelz\u0151 \u00e9s bel\u00e9ptet\u0151 rendszerek tervez\u00e9se, teljesk\u00f6r\u0171 kivitelez\u00e9se, ...","og_url":"https:\/\/legalved.hu\/index.php\/biztonsagtechnikai-rendszerek\/","og_site_name":"Legal V\u00e9d Kft.","article_modified_time":"2024-04-03T11:44:35+00:00","twitter_card":"summary_large_image","twitter_misc":{"Becs\u00fclt olvas\u00e1si id\u0151":"1 perc"},"schema":{"@context":"https:\/\/schema.org","@graph":[{"@type":"WebPage","@id":"https:\/\/legalved.hu\/index.php\/biztonsagtechnikai-rendszerek\/","url":"https:\/\/legalved.hu\/index.php\/biztonsagtechnikai-rendszerek\/","name":"Biztons\u00e1gtechnikai rendszerek - Legal V\u00e9d Kft.","isPartOf":{"@id":"https:\/\/legalved.hu\/#website"},"datePublished":"2024-03-08T11:33:01+00:00","dateModified":"2024-04-03T11:44:35+00:00","description":"Biztons\u00e1gtechnikai rendszerek: Riaszt\u00f3, vide\u00f3-megfigyel\u0151, kamera, t\u0171zjelz\u0151 \u00e9s bel\u00e9ptet\u0151 rendszerek tervez\u00e9se, teljesk\u00f6r\u0171 kivitelez\u00e9se, ...","breadcrumb":{"@id":"https:\/\/legalved.hu\/index.php\/biztonsagtechnikai-rendszerek\/#breadcrumb"},"inLanguage":"hu","potentialAction":[{"@type":"ReadAction","target":["https:\/\/legalved.hu\/index.php\/biztonsagtechnikai-rendszerek\/"]}]},{"@type":"BreadcrumbList","@id":"https:\/\/legalved.hu\/index.php\/biztonsagtechnikai-rendszerek\/#breadcrumb","itemListElement":[{"@type":"ListItem","position":1,"name":"Kezd\u0151lap","item":"https:\/\/legalved.hu\/"},{"@type":"ListItem","position":2,"name":"Biztons\u00e1gtechnikai rendszerek"}]},{"@type":"WebSite","@id":"https:\/\/legalved.hu\/#website","url":"https:\/\/legalved.hu\/","name":"Legal V\u00e9d Kft.","description":"0-24 \u00f3r\u00e1s t\u00e1vfel\u00fcgyelet; \u00e9l\u0151er\u0151s \u0151rz\u00e9s \u00e9s vagyonv\u00e9delem; biztons\u00e1gtechnika","potentialAction":[{"@type":"SearchAction","target":{"@type":"EntryPoint","urlTemplate":"https:\/\/legalved.hu\/?s={search_term_string}"},"query-input":{"@type":"PropertyValueSpecification","valueRequired":true,"valueName":"search_term_string"}}],"inLanguage":"hu"}]}},"_links":{"self":[{"href":"https:\/\/legalved.hu\/index.php\/wp-json\/wp\/v2\/pages\/23","targetHints":{"allow":["GET"]}}],"collection":[{"href":"https:\/\/legalved.hu\/index.php\/wp-json\/wp\/v2\/pages"}],"about":[{"href":"https:\/\/legalved.hu\/index.php\/wp-json\/wp\/v2\/types\/page"}],"author":[{"embeddable":true,"href":"https:\/\/legalved.hu\/index.php\/wp-json\/wp\/v2\/users\/1"}],"replies":[{"embeddable":true,"href":"https:\/\/legalved.hu\/index.php\/wp-json\/wp\/v2\/comments?post=23"}],"version-history":[{"count":7,"href":"https:\/\/legalved.hu\/index.php\/wp-json\/wp\/v2\/pages\/23\/revisions"}],"predecessor-version":[{"id":211,"href":"https:\/\/legalved.hu\/index.php\/wp-json\/wp\/v2\/pages\/23\/revisions\/211"}],"wp:attachment":[{"href":"https:\/\/legalved.hu\/index.php\/wp-json\/wp\/v2\/media?parent=23"}],"curies":[{"name":"wp","href":"https:\/\/api.w.org\/{rel}","templated":true}]}}